{"id":685,"date":"2019-06-10T07:47:54","date_gmt":"2019-06-10T05:47:54","guid":{"rendered":"https:\/\/www.korchem.cz\/kontakty\/"},"modified":"2022-01-14T09:19:27","modified_gmt":"2022-01-14T08:19:27","slug":"contact","status":"publish","type":"page","link":"https:\/\/www.korchem.cz\/en\/contact\/","title":{"rendered":"Contact"},"content":{"rendered":"<p>[et_pb_section fb_built=&#8221;1&#8243; admin_label=&#8221;Hero&#8221; _builder_version=&#8221;3.29.3&#8243; use_background_color_gradient=&#8221;on&#8221; background_color_gradient_start=&#8221;rgba(40,40,40,0.38)&#8221; background_color_gradient_end=&#8221;rgba(40,40,40,0.4)&#8221; background_color_gradient_type=&#8221;radial&#8221; background_color_gradient_direction_radial=&#8221;top left&#8221; background_color_gradient_overlays_image=&#8221;on&#8221; background_image=&#8221;https:\/\/www.korchem.cz\/wp-content\/uploads\/2019\/07\/3.jpg&#8221; custom_margin=&#8221;||||false&#8221; custom_padding=&#8221;2vw||2vw||true|false&#8221; global_colors_info=&#8221;{}&#8221;][et_pb_row _builder_version=&#8221;3.29.3&#8243; custom_margin=&#8221;||0px||false|false&#8221; custom_padding=&#8221;||0px||false|false&#8221; global_colors_info=&#8221;{}&#8221;][et_pb_column type=&#8221;4_4&#8243; _builder_version=&#8221;3.25&#8243; custom_padding=&#8221;|||&#8221; global_colors_info=&#8221;{}&#8221; custom_padding__hover=&#8221;|||&#8221;][et_pb_text _builder_version=&#8221;3.29.3&#8243; text_font=&#8221;||||||||&#8221; header_font=&#8221;Rubik|700|||||||&#8221; header_font_size=&#8221;50px&#8221; header_line_height=&#8221;1.1em&#8221; background_layout=&#8221;dark&#8221; max_width=&#8221;800px&#8221; custom_margin=&#8221;||20px||false|false&#8221; custom_padding=&#8221;|||16px&#8221; text_font_size_tablet=&#8221;14px&#8221; text_font_size_last_edited=&#8221;off|desktop&#8221; header_font_size_tablet=&#8221;44px&#8221; header_font_size_phone=&#8221;32px&#8221; header_font_size_last_edited=&#8221;on|phone&#8221; border_color_all=&#8221;#ffffff&#8221; border_width_left=&#8221;10px&#8221; global_colors_info=&#8221;{}&#8221;]<\/p>\n<h1>Contact<\/h1>\n<p>[\/et_pb_text][et_pb_text _builder_version=&#8221;3.29.3&#8243; text_font=&#8221;||||||||&#8221; text_font_size=&#8221;22px&#8221; text_line_height=&#8221;1.6em&#8221; header_font=&#8221;||||||||&#8221; background_layout=&#8221;dark&#8221; max_width=&#8221;800px&#8221; custom_margin=&#8221;|||&#8221; custom_padding=&#8221;0px||0px||true|false&#8221; text_font_size_tablet=&#8221;18px&#8221; text_font_size_phone=&#8221;&#8221; text_font_size_last_edited=&#8221;on|phone&#8221; global_colors_info=&#8221;{}&#8221;]<\/p>\n<p><b><i>ECOLOGICAL INDUSTRIAL CHEMICAL PRODUCTS<\/i><\/b><br \/> <em>\u201cWhy to buy expensive copies when original is cheaper?\u201d<\/em><\/p>\n<p>[\/et_pb_text][\/et_pb_column][\/et_pb_row][\/et_pb_section][et_pb_section fb_built=&#8221;1&#8243; use_custom_gutter=&#8221;on&#8221; gutter_width=&#8221;1&#8243; specialty=&#8221;on&#8221; background_color_1=&#8221;#fafca4&#8243; padding_top_bottom_link_1=&#8221;true&#8221; padding_left_right_link_1=&#8221;true&#8221; padding_top_1=&#8221;80px&#8221; padding_right_1=&#8221;6vw&#8221; padding_bottom_1=&#8221;80px&#8221; padding_left_1=&#8221;6vw&#8221; padding_1_tablet=&#8221;|10%||10%||true&#8221; padding_1_phone=&#8221;&#8221; padding_1_last_edited=&#8221;on|phone&#8221; admin_label=&#8221;Footer Section&#8221; module_class=&#8221; et_pb_specialty_fullwidth&#8221; _builder_version=&#8221;3.23.1&#8243; inner_width=&#8221;100%&#8221; inner_width_tablet=&#8221;100%&#8221; inner_width_phone=&#8221;&#8221; inner_width_last_edited=&#8221;on|desktop&#8221; inner_max_width=&#8221;100%&#8221; inner_max_width_tablet=&#8221;100%&#8221; inner_max_width_phone=&#8221;&#8221; inner_max_width_last_edited=&#8221;on|desktop&#8221; custom_margin=&#8221;||&#8221; custom_padding=&#8221;0px||0px||true&#8221; make_fullwidth=&#8221;on&#8221; global_colors_info=&#8221;{}&#8221;][et_pb_column type=&#8221;1_2&#8243; _builder_version=&#8221;3.25&#8243; custom_padding=&#8221;|||&#8221; global_colors_info=&#8221;{}&#8221; custom_padding__hover=&#8221;|||&#8221;][et_pb_text _builder_version=&#8221;3.29.3&#8243; text_font=&#8221;||||||||&#8221; header_font=&#8221;||||||||&#8221; header_2_font=&#8221;Rubik|700|||||||&#8221; header_2_text_color=&#8221;#61a65f&#8221; header_2_font_size=&#8221;42px&#8221; header_2_line_height=&#8221;1.2em&#8221; custom_margin=&#8221;|||&#8221; custom_padding=&#8221;|||&#8221; header_2_font_size_tablet=&#8221;&#8221; header_2_font_size_phone=&#8221;36px&#8221; header_2_font_size_last_edited=&#8221;on|phone&#8221; locked=&#8221;off&#8221; global_colors_info=&#8221;{}&#8221;]<\/p>\n<h2>Contact Us<\/h2>\n<p>[\/et_pb_text][et_pb_divider color=&#8221;#61a65f&#8221; divider_position=&#8221;center&#8221; divider_weight=&#8221;5px&#8221; _builder_version=&#8221;3.23.1&#8243; max_width=&#8221;50px&#8221; locked=&#8221;off&#8221; global_colors_info=&#8221;{}&#8221;][\/et_pb_divider][et_pb_contact_form email=&#8221;info@korchem.cz&#8221; submit_button_text=&#8221;Submit&#8221; module_id=&#8221;et_pb_contact_form_0&#8243; _builder_version=&#8221;4.14.4&#8243; _unique_id=&#8221;c2f9caea-714d-49f3-a09d-51c3f94c491f&#8221; form_field_background_color=&#8221;#ffffff&#8221; title_font=&#8221;||||||||&#8221; form_field_font=&#8221;||||||||&#8221; form_field_font_size=&#8221;14px&#8221; form_field_line_height=&#8221;1.8em&#8221; custom_button=&#8221;on&#8221; button_text_size=&#8221;14px&#8221; button_text_color=&#8221;#61a65f&#8221; button_border_width=&#8221;4px&#8221; button_border_color=&#8221;#61a65f&#8221; button_border_radius=&#8221;0px&#8221; button_letter_spacing=&#8221;4px&#8221; button_font=&#8221;Rubik|700||on|||||&#8221; button_icon=&#8221;&#x24;||divi||400&#8243; custom_margin=&#8221;30px||30px||true&#8221; custom_margin_last_edited=&#8221;off|desktop&#8221; hover_enabled=&#8221;0&#8243; form_background_color=&#8221;#ffffff&#8221; locked=&#8221;off&#8221; global_colors_info=&#8221;{}&#8221; button_text_color_hover=&#8221;#ffb400&#8243; button_bg_color_hover=&#8221;#ffffff&#8221; button_border_color_hover=&#8221;#ffffff&#8221; sticky_enabled=&#8221;0&#8243; use_spam_service=&#8221;on&#8221;][et_pb_contact_field field_id=&#8221;Name&#8221; field_title=&#8221;Name&#8221; _builder_version=&#8221;3.29.3&#8243; global_colors_info=&#8221;{}&#8221; button_text_size__hover_enabled=&#8221;off&#8221; button_one_text_size__hover_enabled=&#8221;off&#8221; button_two_text_size__hover_enabled=&#8221;off&#8221; button_text_color__hover_enabled=&#8221;off&#8221; button_one_text_color__hover_enabled=&#8221;off&#8221; button_two_text_color__hover_enabled=&#8221;off&#8221; button_border_width__hover_enabled=&#8221;off&#8221; button_one_border_width__hover_enabled=&#8221;off&#8221; button_two_border_width__hover_enabled=&#8221;off&#8221; button_border_color__hover_enabled=&#8221;off&#8221; button_one_border_color__hover_enabled=&#8221;off&#8221; button_two_border_color__hover_enabled=&#8221;off&#8221; button_border_radius__hover_enabled=&#8221;off&#8221; button_one_border_radius__hover_enabled=&#8221;off&#8221; button_two_border_radius__hover_enabled=&#8221;off&#8221; button_letter_spacing__hover_enabled=&#8221;off&#8221; button_one_letter_spacing__hover_enabled=&#8221;off&#8221; button_two_letter_spacing__hover_enabled=&#8221;off&#8221; button_bg_color__hover_enabled=&#8221;off&#8221; button_one_bg_color__hover_enabled=&#8221;off&#8221; button_two_bg_color__hover_enabled=&#8221;off&#8221;][\/et_pb_contact_field][et_pb_contact_field field_id=&#8221;Email&#8221; field_title=&#8221;Email&#8221; field_type=&#8221;email&#8221; _builder_version=&#8221;3.23.1&#8243; global_colors_info=&#8221;{}&#8221; button_text_size__hover_enabled=&#8221;off&#8221; button_one_text_size__hover_enabled=&#8221;off&#8221; button_two_text_size__hover_enabled=&#8221;off&#8221; button_text_color__hover_enabled=&#8221;off&#8221; button_one_text_color__hover_enabled=&#8221;off&#8221; button_two_text_color__hover_enabled=&#8221;off&#8221; button_border_width__hover_enabled=&#8221;off&#8221; button_one_border_width__hover_enabled=&#8221;off&#8221; button_two_border_width__hover_enabled=&#8221;off&#8221; button_border_color__hover_enabled=&#8221;off&#8221; button_one_border_color__hover_enabled=&#8221;off&#8221; button_two_border_color__hover_enabled=&#8221;off&#8221; button_border_radius__hover_enabled=&#8221;off&#8221; button_one_border_radius__hover_enabled=&#8221;off&#8221; button_two_border_radius__hover_enabled=&#8221;off&#8221; button_letter_spacing__hover_enabled=&#8221;off&#8221; button_one_letter_spacing__hover_enabled=&#8221;off&#8221; button_two_letter_spacing__hover_enabled=&#8221;off&#8221; button_bg_color__hover_enabled=&#8221;off&#8221; button_one_bg_color__hover_enabled=&#8221;off&#8221; button_two_bg_color__hover_enabled=&#8221;off&#8221;][\/et_pb_contact_field][et_pb_contact_field field_id=&#8221;Message&#8221; field_title=&#8221;Message&#8221; field_type=&#8221;text&#8221; fullwidth_field=&#8221;on&#8221; _builder_version=&#8221;3.29.3&#8243; global_colors_info=&#8221;{}&#8221; button_text_size__hover_enabled=&#8221;off&#8221; button_one_text_size__hover_enabled=&#8221;off&#8221; button_two_text_size__hover_enabled=&#8221;off&#8221; button_text_color__hover_enabled=&#8221;off&#8221; button_one_text_color__hover_enabled=&#8221;off&#8221; button_two_text_color__hover_enabled=&#8221;off&#8221; button_border_width__hover_enabled=&#8221;off&#8221; button_one_border_width__hover_enabled=&#8221;off&#8221; button_two_border_width__hover_enabled=&#8221;off&#8221; button_border_color__hover_enabled=&#8221;off&#8221; button_one_border_color__hover_enabled=&#8221;off&#8221; button_two_border_color__hover_enabled=&#8221;off&#8221; button_border_radius__hover_enabled=&#8221;off&#8221; button_one_border_radius__hover_enabled=&#8221;off&#8221; button_two_border_radius__hover_enabled=&#8221;off&#8221; button_letter_spacing__hover_enabled=&#8221;off&#8221; button_one_letter_spacing__hover_enabled=&#8221;off&#8221; button_two_letter_spacing__hover_enabled=&#8221;off&#8221; button_bg_color__hover_enabled=&#8221;off&#8221; button_one_bg_color__hover_enabled=&#8221;off&#8221; button_two_bg_color__hover_enabled=&#8221;off&#8221;][\/et_pb_contact_field][\/et_pb_contact_form][\/et_pb_column][et_pb_column type=&#8221;1_2&#8243; specialty_columns=&#8221;2&#8243; _builder_version=&#8221;3.25&#8243; custom_padding=&#8221;|||&#8221; global_colors_info=&#8221;{}&#8221; custom_padding__hover=&#8221;|||&#8221;][et_pb_row_inner column_structure=&#8221;1_2,1_2&#8243; custom_padding_last_edited=&#8221;on|desktop&#8221; _builder_version=&#8221;3.25&#8243; custom_padding=&#8221;|6vw||6vw|true|true&#8221; custom_padding_tablet=&#8221;|3vw||3vw||true&#8221; custom_padding_phone=&#8221;&#8221; global_colors_info=&#8221;{}&#8221;][et_pb_column_inner type=&#8221;1_2&#8243; saved_specialty_column_type=&#8221;1_2&#8243; _builder_version=&#8221;3.25&#8243; custom_padding=&#8221;|||&#8221; global_colors_info=&#8221;{}&#8221; custom_padding__hover=&#8221;|||&#8221;][et_pb_blurb title=&#8221;Address&#8221; use_icon=&#8221;on&#8221; font_icon=&#8221;&#xe081;||divi||400&#8243; icon_color=&#8221;#666666&#8243; icon_placement=&#8221;left&#8221; image_icon_width=&#8221;18px&#8221; content_max_width=&#8221;1100px&#8221; _builder_version=&#8221;4.13.0&#8243; header_font=&#8221;Rubik||||||||&#8221; header_font_size=&#8221;16px&#8221; header_line_height=&#8221;1.2em&#8221; body_font=&#8221;||||||||&#8221; module_alignment=&#8221;center&#8221; custom_margin=&#8221;||20px|&#8221; animation=&#8221;off&#8221; icon_font_size=&#8221;18px&#8221; locked=&#8221;off&#8221; global_colors_info=&#8221;{}&#8221;]<\/p>\n<p><strong>KORCHEM s.r.o.<br \/> <\/strong><span>Blu\u010dina \u010d.p. 703<\/span><br \/> <span>664&nbsp;56 Blu\u010dina<\/span><br \/> <span>Czech republic<\/span><\/p>\n<p><span>I\u010c: 277&nbsp;36&nbsp;253<br \/> DI\u010c: CZ27736253<\/span><\/p>\n<p>Spole\u010dnost zaps\u00e1na<br \/> KS v&nbsp;Brn\u011b, odd\u00edl C vlo\u017eka 55573<\/p>\n<p>[\/et_pb_blurb][et_pb_blurb title=&#8221;Contacts&#8221; use_icon=&#8221;on&#8221; font_icon=&#8221;&#xe090;||divi||400&#8243; icon_color=&#8221;#666666&#8243; icon_placement=&#8221;left&#8221; image_icon_width=&#8221;18px&#8221; content_max_width=&#8221;1100px&#8221; _builder_version=&#8221;4.14.3&#8243; header_font=&#8221;Rubik||||||||&#8221; header_font_size=&#8221;16px&#8221; header_line_height=&#8221;1.2em&#8221; body_font=&#8221;||||||||&#8221; module_alignment=&#8221;center&#8221; custom_margin=&#8221;||20px|&#8221; animation=&#8221;off&#8221; icon_font_size=&#8221;18px&#8221; locked=&#8221;off&#8221; global_colors_info=&#8221;{}&#8221;]<\/p>\n<p><strong>Orders:<\/strong><\/p>\n<p>+420&nbsp;777&nbsp;308&nbsp;929, <a href=\"mailto:asistentka@korchem.cz\">asistentka@korchem.cz<\/a><\/p>\n<p><strong>Consultations, problems solutions, research and development:<\/strong><\/p>\n<p>+420&nbsp;777&nbsp;308&nbsp;925, <a href=\"mailto:stuchlik@korchem.cz\">stuchlik@korchem.cz<\/a><\/p>\n<p><strong>General communication: <\/strong><\/p>\n<p>+420&nbsp;777&nbsp;308&nbsp;929, <a href=\"mailto:info@korchem.cz\">info@korchem.cz<\/a><\/p>\n<p>[\/et_pb_blurb][\/et_pb_column_inner][et_pb_column_inner type=&#8221;1_2&#8243; saved_specialty_column_type=&#8221;1_2&#8243; _builder_version=&#8221;3.25&#8243; custom_padding=&#8221;|||&#8221; global_colors_info=&#8221;{}&#8221; custom_padding__hover=&#8221;|||&#8221;][et_pb_blurb title=&#8221;Mailing address and dispense of products&#8221; use_icon=&#8221;on&#8221; font_icon=&#8221;&#xe081;||divi||400&#8243; icon_color=&#8221;#666666&#8243; icon_placement=&#8221;left&#8221; image_icon_width=&#8221;18px&#8221; content_max_width=&#8221;1100px&#8221; _builder_version=&#8221;4.14.3&#8243; header_font=&#8221;Rubik||||||||&#8221; header_font_size=&#8221;16px&#8221; header_line_height=&#8221;1.2em&#8221; body_font=&#8221;||||||||&#8221; module_alignment=&#8221;center&#8221; custom_margin=&#8221;||20px|&#8221; animation=&#8221;off&#8221; icon_font_size=&#8221;18px&#8221; locked=&#8221;off&#8221; global_colors_info=&#8221;{}&#8221;]<\/p>\n<p><strong>KORCHEM s.r.o.<\/strong><br \/>Ml\u00fdnsk\u00e1 668<br \/>K\u0159enovice u Slavkova<br \/>683&nbsp;52<\/p>\n<p>[\/et_pb_blurb][\/et_pb_column_inner][\/et_pb_row_inner][\/et_pb_column][\/et_pb_section]<\/p>\n","protected":false},"excerpt":{"rendered":"<p>ContactECOLOGICAL INDUSTRIAL CHEMICAL PRODUCTS \u201cWhy to buy expensive copies when original is cheaper?\u201dContact UsKORCHEM s.r.o. Blu\u010dina \u010d.p. 703&nbsp;664&nbsp;56 Blu\u010dina Czech republic I\u010c: 277&nbsp;36&nbsp;253 DI\u010c: CZ27736253 Spole\u010dnost zaps\u00e1na KS v&nbsp;Brn\u011b, odd\u00edl C vlo\u017eka 55573Orders: +420&nbsp;777&nbsp;308&nbsp;929, asistentka@korchem.cz Consultations, problems solutions, research and development: +420&nbsp;777&nbsp;308&nbsp;925, stuchlik@korchem.cz General [&hellip;]<\/p>\n","protected":false},"author":1,"featured_media":0,"parent":0,"menu_order":0,"comment_status":"closed","ping_status":"closed","template":"","meta":{"_et_pb_use_builder":"on","_et_pb_old_content":"","_et_gb_content_width":""},"yoast_head":"<!-- This site is optimized with the Yoast SEO plugin v19.9 - https:\/\/yoast.com\/wordpress\/plugins\/seo\/ -->\n<title>Korchem - Pr\u016fmyslov\u00e9 chemik\u00e1lie<\/title>\n<meta name=\"robots\" content=\"index, follow, max-snippet:-1, max-image-preview:large, max-video-preview:-1\" \/>\n<link rel=\"canonical\" href=\"https:\/\/www.korchem.cz\/en\/contact\/\" \/>\n<meta property=\"og:locale\" content=\"en_US\" \/>\n<meta property=\"og:type\" content=\"article\" \/>\n<meta property=\"og:title\" content=\"Korchem - Pr\u016fmyslov\u00e9 chemik\u00e1lie\" \/>\n<meta property=\"og:description\" content=\"ContactECOLOGICAL INDUSTRIAL CHEMICAL PRODUCTS \u201cWhy to buy expensive copies when original is cheaper?\u201dContact UsKORCHEM s.r.o. Blu\u010dina \u010d.p. 703 664 56 Blu\u010dina Czech republic I\u010c: 277 36 253 DI\u010c: CZ27736253 Spole\u010dnost zaps\u00e1na KS v Brn\u011b, odd\u00edl C vlo\u017eka 55573Orders: +420 777 308 929, asistentka@korchem.cz Consultations, problems solutions, research and development: +420 777 308 925, stuchlik@korchem.cz General [&hellip;]\" \/>\n<meta property=\"og:url\" content=\"https:\/\/www.korchem.cz\/en\/contact\/\" \/>\n<meta property=\"og:site_name\" content=\"Korchem\" \/>\n<meta property=\"article:modified_time\" content=\"2022-01-14T08:19:27+00:00\" \/>\n<meta name=\"twitter:card\" content=\"summary_large_image\" \/>\n<meta name=\"twitter:label1\" content=\"Est. reading time\" \/>\n\t<meta name=\"twitter:data1\" content=\"7 minutes\" \/>\n<script type=\"application\/ld+json\" class=\"yoast-schema-graph\">{\"@context\":\"https:\/\/schema.org\",\"@graph\":[{\"@type\":\"WebPage\",\"@id\":\"https:\/\/www.korchem.cz\/en\/contact\/\",\"url\":\"https:\/\/www.korchem.cz\/en\/contact\/\",\"name\":\"Korchem - Pr\u016fmyslov\u00e9 chemik\u00e1lie\",\"isPartOf\":{\"@id\":\"https:\/\/www.korchem.cz\/#website\"},\"datePublished\":\"2019-06-10T05:47:54+00:00\",\"dateModified\":\"2022-01-14T08:19:27+00:00\",\"breadcrumb\":{\"@id\":\"https:\/\/www.korchem.cz\/en\/contact\/#breadcrumb\"},\"inLanguage\":\"en-US\",\"potentialAction\":[{\"@type\":\"ReadAction\",\"target\":[\"https:\/\/www.korchem.cz\/en\/contact\/\"]}]},{\"@type\":\"BreadcrumbList\",\"@id\":\"https:\/\/www.korchem.cz\/en\/contact\/#breadcrumb\",\"itemListElement\":[{\"@type\":\"ListItem\",\"position\":1,\"name\":\"Dom\u016f\",\"item\":\"https:\/\/www.korchem.cz\/en\/\"},{\"@type\":\"ListItem\",\"position\":2,\"name\":\"Contact\"}]},{\"@type\":\"WebSite\",\"@id\":\"https:\/\/www.korchem.cz\/#website\",\"url\":\"https:\/\/www.korchem.cz\/\",\"name\":\"Korchem\",\"description\":\"\",\"potentialAction\":[{\"@type\":\"SearchAction\",\"target\":{\"@type\":\"EntryPoint\",\"urlTemplate\":\"https:\/\/www.korchem.cz\/?s={search_term_string}\"},\"query-input\":\"required name=search_term_string\"}],\"inLanguage\":\"en-US\"}]}<\/script>\n<!-- \/ Yoast SEO plugin. -->","yoast_head_json":{"title":"Korchem - Pr\u016fmyslov\u00e9 chemik\u00e1lie","robots":{"index":"index","follow":"follow","max-snippet":"max-snippet:-1","max-image-preview":"max-image-preview:large","max-video-preview":"max-video-preview:-1"},"canonical":"https:\/\/www.korchem.cz\/en\/contact\/","og_locale":"en_US","og_type":"article","og_title":"Korchem - Pr\u016fmyslov\u00e9 chemik\u00e1lie","og_description":"ContactECOLOGICAL INDUSTRIAL CHEMICAL PRODUCTS \u201cWhy to buy expensive copies when original is cheaper?\u201dContact UsKORCHEM s.r.o. Blu\u010dina \u010d.p. 703 664 56 Blu\u010dina Czech republic I\u010c: 277 36 253 DI\u010c: CZ27736253 Spole\u010dnost zaps\u00e1na KS v Brn\u011b, odd\u00edl C vlo\u017eka 55573Orders: +420 777 308 929, asistentka@korchem.cz Consultations, problems solutions, research and development: +420 777 308 925, stuchlik@korchem.cz General [&hellip;]","og_url":"https:\/\/www.korchem.cz\/en\/contact\/","og_site_name":"Korchem","article_modified_time":"2022-01-14T08:19:27+00:00","twitter_card":"summary_large_image","twitter_misc":{"Est. reading time":"7 minutes"},"schema":{"@context":"https:\/\/schema.org","@graph":[{"@type":"WebPage","@id":"https:\/\/www.korchem.cz\/en\/contact\/","url":"https:\/\/www.korchem.cz\/en\/contact\/","name":"Korchem - Pr\u016fmyslov\u00e9 chemik\u00e1lie","isPartOf":{"@id":"https:\/\/www.korchem.cz\/#website"},"datePublished":"2019-06-10T05:47:54+00:00","dateModified":"2022-01-14T08:19:27+00:00","breadcrumb":{"@id":"https:\/\/www.korchem.cz\/en\/contact\/#breadcrumb"},"inLanguage":"en-US","potentialAction":[{"@type":"ReadAction","target":["https:\/\/www.korchem.cz\/en\/contact\/"]}]},{"@type":"BreadcrumbList","@id":"https:\/\/www.korchem.cz\/en\/contact\/#breadcrumb","itemListElement":[{"@type":"ListItem","position":1,"name":"Dom\u016f","item":"https:\/\/www.korchem.cz\/en\/"},{"@type":"ListItem","position":2,"name":"Contact"}]},{"@type":"WebSite","@id":"https:\/\/www.korchem.cz\/#website","url":"https:\/\/www.korchem.cz\/","name":"Korchem","description":"","potentialAction":[{"@type":"SearchAction","target":{"@type":"EntryPoint","urlTemplate":"https:\/\/www.korchem.cz\/?s={search_term_string}"},"query-input":"required name=search_term_string"}],"inLanguage":"en-US"}]}},"_links":{"self":[{"href":"https:\/\/www.korchem.cz\/en\/wp-json\/wp\/v2\/pages\/685"}],"collection":[{"href":"https:\/\/www.korchem.cz\/en\/wp-json\/wp\/v2\/pages"}],"about":[{"href":"https:\/\/www.korchem.cz\/en\/wp-json\/wp\/v2\/types\/page"}],"author":[{"embeddable":true,"href":"https:\/\/www.korchem.cz\/en\/wp-json\/wp\/v2\/users\/1"}],"replies":[{"embeddable":true,"href":"https:\/\/www.korchem.cz\/en\/wp-json\/wp\/v2\/comments?post=685"}],"version-history":[{"count":8,"href":"https:\/\/www.korchem.cz\/en\/wp-json\/wp\/v2\/pages\/685\/revisions"}],"predecessor-version":[{"id":1126,"href":"https:\/\/www.korchem.cz\/en\/wp-json\/wp\/v2\/pages\/685\/revisions\/1126"}],"wp:attachment":[{"href":"https:\/\/www.korchem.cz\/en\/wp-json\/wp\/v2\/media?parent=685"}],"curies":[{"name":"wp","href":"https:\/\/api.w.org\/{rel}","templated":true}]}}